{"id":156,"date":"2014-04-03T15:01:35","date_gmt":"2014-04-03T13:01:35","guid":{"rendered":"http:\/\/frank-richter-hamburg.de\/?page_id=156"},"modified":"2024-03-21T15:49:54","modified_gmt":"2024-03-21T14:49:54","slug":"meine-ziele-fur-harburg-2","status":"publish","type":"page","link":"http:\/\/frank-richter-hamburg.de\/?page_id=156","title":{"rendered":"Meine Ziele f\u00fcr Harburg"},"content":{"rendered":"<p><strong>Meine Ziele f\u00fcr Harburg sind:<\/strong><\/p>\n<p>1. Bezahlbare und bedarfsgerechte Wohnungen<\/p>\n<p>2. Ein attraktives Konzept f\u00fcr das ehemalige Karstadt-Geb\u00e4ude und die Innenstadt<\/p>\n<p>3. Gesellschaftlicher Zusammenhalt mit guten Nachbarschaften<\/p>\n<p>4. Ausreichende alternative Mobilit\u00e4tsangebote f\u00fcr den gesamten Bezirk<\/p>\n<p>5. Der Ausbau der sozialen Infrastruktur im Takt mit dem Bev\u00f6lkerungswachstum<\/p>\n<p><strong>Meine Ziele im Wahlkreis Heimfeld &#8211; Bostelbek sind:<\/strong><\/p>\n<p>1. Bezahlbare Wohnungen f\u00fcr Heimfeld<\/p>\n<p>2. Der Erhalt der nachbarschaftlichen Begegnungsst\u00e4tten<\/p>\n<p>3. Zukunftsperspektiven f\u00fcr Bostelbek<\/p>\n<p>4. Tempo 30 auf der Heimfelder Stra\u00dfe<\/p>\n<p>5. Umsetzung des Verkehrskonzepts f\u00fcr Heimfeld\/Ei\u00dfendorf<\/p>\n","protected":false},"excerpt":{"rendered":"<p>Meine Ziele f\u00fcr Harburg sind: 1. Bezahlbare und bedarfsgerechte Wohnungen 2. Ein attraktives Konzept f\u00fcr das ehemalige Karstadt-Geb\u00e4ude und die Innenstadt 3. Gesellschaftlicher Zusammenhalt mit guten Nachbarschaften 4. Ausreichende alternative Mobilit\u00e4tsangebote f\u00fcr den gesamten Bezirk 5. Der Ausbau der sozialen &hellip; <a href=\"http:\/\/frank-richter-hamburg.de\/?page_id=156\">Weiterlesen <span class=\"meta-nav\">&rarr;<\/span><\/a><\/p>\n","protected":false},"author":2,"featured_media":0,"parent":0,"menu_order":0,"comment_status":"closed","ping_status":"open","template":"","meta":{"_monsterinsights_skip_tracking":false,"_monsterinsights_sitenote_active":false,"_monsterinsights_sitenote_note":"","_monsterinsights_sitenote_category":0,"footnotes":""},"aioseo_notices":[],"_links":{"self":[{"href":"http:\/\/frank-richter-hamburg.de\/index.php?rest_route=\/wp\/v2\/pages\/156"}],"collection":[{"href":"http:\/\/frank-richter-hamburg.de\/index.php?rest_route=\/wp\/v2\/pages"}],"about":[{"href":"http:\/\/frank-richter-hamburg.de\/index.php?rest_route=\/wp\/v2\/types\/page"}],"author":[{"embeddable":true,"href":"http:\/\/frank-richter-hamburg.de\/index.php?rest_route=\/wp\/v2\/users\/2"}],"replies":[{"embeddable":true,"href":"http:\/\/frank-richter-hamburg.de\/index.php?rest_route=%2Fwp%2Fv2%2Fcomments&post=156"}],"version-history":[{"count":3,"href":"http:\/\/frank-richter-hamburg.de\/index.php?rest_route=\/wp\/v2\/pages\/156\/revisions"}],"predecessor-version":[{"id":460,"href":"http:\/\/frank-richter-hamburg.de\/index.php?rest_route=\/wp\/v2\/pages\/156\/revisions\/460"}],"wp:attachment":[{"href":"http:\/\/frank-richter-hamburg.de\/index.php?rest_route=%2Fwp%2Fv2%2Fmedia&parent=156"}],"curies":[{"name":"wp","href":"https:\/\/api.w.org\/{rel}","templated":true}]}}