{"id":21,"date":"2012-10-03T17:51:53","date_gmt":"2012-10-03T15:51:53","guid":{"rendered":"http:\/\/frank-richter-hamburg.de\/?page_id=21"},"modified":"2024-05-31T09:21:03","modified_gmt":"2024-05-31T07:21:03","slug":"termine","status":"publish","type":"page","link":"http:\/\/frank-richter-hamburg.de\/?page_id=21","title":{"rendered":"Termine"},"content":{"rendered":"<ul>\n<li>24. M\u00e4rz 2024 9 &#8211; 11 Uhr Infostand Heimfeld Kreuzung Milchgrund<\/li>\n<li>14. April 2024 10 &#8211; 12 Uhr Infostand<\/li>\n<li>13. April 2024 14 &#8211; 16 Uhr Rundgang Binnenhafen &#8211; Kultur und Stadtentwicklung mit Natalia Sahling; Treffpunkt Kanalplatz 16 (vor der Fischhalle)<\/li>\n<li>20. April 2024 10-12 Uhr Infostand Neugrabener Marktpassage<\/li>\n<li>20. April 2024 14:00 Uhr Zukunft des Neugrabener Zentrums mit Holger B\u00f6hm, AWO-Seniorentreff Neugraben, Neugrabener Markt 7<\/li>\n<li>24. April 2024 18:00 Uhr Gewerbetreibende in Heimfeld, Nida-B\u00e4ckerei Heimfelder Platz<\/li>\n<li>26. April 2024 18:00 Uhr\u00a0 Harburgs Wirtschaft st\u00e4rken mit Senatorin Melanie Leonhard, &#8222;Kaiserlich&#8220; Schwarzenbergstra\u00dfe 80<\/li>\n<li>27. April 2024 14:00 Uhr &#8222;Gesund und Fit in Neugraben&#8220; mit Holger B\u00f6hm und Eftichia Olowson-Saviolaki, Treffpunkt vor dem REWE-Markt, Fischbeker Heidbrook 2<\/li>\n<li>01. Mai 2024 10:00 Uhr 1. Mai-Demonstration mit anschlie\u00dfendender Kundgebung des DGB<\/li>\n<li>04. Mai 2024 10:00 Uhr Infostand S-Bahn Heimfeld<\/li>\n<li>06. Mai 2024 18:00 Uhr Veranstaltung &#8222;Soziale Politik vor Ort. Familien st\u00e4rken &#8211; sicheres Alter&#8220; mit dem Bundestagsabgeordneten Metin Hakverdi, AWO-Seniorenteff Neugraben, Neugrabener Markt 7<\/li>\n<li>08. Mai 2024 18:00 Uhr Stadtteilrundgang Ei\u00dfendorf, Treffpunkt Bushaltestelle &#8222;B\u00fcnte&#8220;<\/li>\n<li>14. Mai 2024 18:00 Uhr Elbcampus, Zum Handwerkszentrum 1, Podiumsdiskussion Handwerkskammer<\/li>\n<li>18. Mai 2024 9:00 Infostand S-Bahn Heimfeld<\/li>\n<li>25. Mai 2024 10:00 Uhr Infostand Neugrabener Marktpassage<\/li>\n<li>29. Mai 2024 16:00 Uhr &#8222;Das neue Staatsangeh\u00f6rigkeitsrecht &#8211; Was \u00e4ndert sich bei der doppelten Staatsb\u00fcrgerschaft&#8220;; Veranstaltung mit dem Bundestagsabgeordneten Metin Hakverdi und Alf Bas, Herbert-Wehner-Haus Julius-Ludowieg-Stra\u00dfe 9.<\/li>\n<li>01. Juni 2024 9:00 Uhr Infostand S-Bahn Heimfeld<\/li>\n<li>01. Juni 2024 10:00 Uhr Infostand Marmstorfer Einkaufszentrum<\/li>\n<li>01. Juni 2024 12:30 Uhr Einweihung Sportanlage Au\u00dfenm\u00fchle<\/li>\n<li>02. Juni 2024 13:00 Uhr Rundgang \u00fcber das Binnenhafenfest mit dem 1. B\u00fcrgermeister Dr. Peter Tschentscher<\/li>\n<li>06. Juni 2024 18:00 Uhr Veranstaltung &#8222;Harburg macht sich!&#8220; mit Natalia Sahling und Sven Hey, Herbert-Wehner-Haus, Julius-Ludowieg-Stra\u00dfe 9<\/li>\n<li>09. Juni 2024 8 &#8211; 18 Uhr Wahlen zum Europaparlament und zur Bezirksversammlung Harburg<\/li>\n<\/ul>\n","protected":false},"excerpt":{"rendered":"<p>24. M\u00e4rz 2024 9 &#8211; 11 Uhr Infostand Heimfeld Kreuzung Milchgrund 14. April 2024 10 &#8211; 12 Uhr Infostand 13. April 2024 14 &#8211; 16 Uhr Rundgang Binnenhafen &#8211; Kultur und Stadtentwicklung mit Natalia Sahling; Treffpunkt Kanalplatz 16 (vor der &hellip; <a href=\"http:\/\/frank-richter-hamburg.de\/?page_id=21\">Weiterlesen <span class=\"meta-nav\">&rarr;<\/span><\/a><\/p>\n","protected":false},"author":2,"featured_media":0,"parent":0,"menu_order":1,"comment_status":"closed","ping_status":"closed","template":"","meta":{"_monsterinsights_skip_tracking":false,"_monsterinsights_sitenote_active":false,"_monsterinsights_sitenote_note":"","_monsterinsights_sitenote_category":0,"footnotes":""},"aioseo_notices":[],"_links":{"self":[{"href":"http:\/\/frank-richter-hamburg.de\/index.php?rest_route=\/wp\/v2\/pages\/21"}],"collection":[{"href":"http:\/\/frank-richter-hamburg.de\/index.php?rest_route=\/wp\/v2\/pages"}],"about":[{"href":"http:\/\/frank-richter-hamburg.de\/index.php?rest_route=\/wp\/v2\/types\/page"}],"author":[{"embeddable":true,"href":"http:\/\/frank-richter-hamburg.de\/index.php?rest_route=\/wp\/v2\/users\/2"}],"replies":[{"embeddable":true,"href":"http:\/\/frank-richter-hamburg.de\/index.php?rest_route=%2Fwp%2Fv2%2Fcomments&post=21"}],"version-history":[{"count":37,"href":"http:\/\/frank-richter-hamburg.de\/index.php?rest_route=\/wp\/v2\/pages\/21\/revisions"}],"predecessor-version":[{"id":571,"href":"http:\/\/frank-richter-hamburg.de\/index.php?rest_route=\/wp\/v2\/pages\/21\/revisions\/571"}],"wp:attachment":[{"href":"http:\/\/frank-richter-hamburg.de\/index.php?rest_route=%2Fwp%2Fv2%2Fmedia&parent=21"}],"curies":[{"name":"wp","href":"https:\/\/api.w.org\/{rel}","templated":true}]}}